{"id":57956,"date":"2018-01-01T07:47:18","date_gmt":"2018-01-01T07:47:18","guid":{"rendered":"https:\/\/drivervn.com\/?page_id=57956"},"modified":"2023-11-01T08:03:36","modified_gmt":"2023-11-01T08:03:36","slug":"tuyen-bo-mien-tru-trach-nhiem","status":"publish","type":"page","link":"https:\/\/drivervn.com\/?page_id=57956","title":{"rendered":"Tuy\u00ean b\u1ed1 mi\u1ec5n tr\u1eeb tr\u00e1ch nhi\u1ec7m"},"content":{"rendered":"<p>M\u1ecdi \u00fd ki\u1ebfn \u200b\u200bv\u00e0 quan \u0111i\u1ec3m \u0111\u01b0\u1ee3c tr\u00ecnh b\u00e0y \u1edf \u0111\u00e2y ho\u00e0n to\u00e0n l\u00e0 \u00fd ki\u1ebfn \u200b\u200bc\u00e1 nh\u00e2n.<\/p>\n<p><strong>E-mail<\/strong><\/p>\n<p>\u0110\u1ecba ch\u1ec9 email \u0111\u01b0\u1ee3c \u0111\u1ec1 c\u1eadp trong m\u1eabu nh\u1eadn x\u00e9t s\u1ebd lu\u00f4n \u0111\u01b0\u1ee3c s\u1eed d\u1ee5ng v\u00ec m\u1ee5c \u0111\u00edch b\u1ea3o m\u1eadt v\u00e0 kh\u00f4ng bao gi\u1edd \u0111\u01b0\u1ee3c s\u1eed d\u1ee5ng \u0111\u1ec3 g\u1eedi th\u01b0 r\u00e1c ho\u1eb7c s\u1ebd \u0111\u01b0\u1ee3c b\u00e1n cho b\u1ea5t k\u1ef3 ai.<\/p>\n<p>N\u1ebfu b\u1ea1n c\u1ea7n th\u00eam th\u00f4ng tin ho\u1eb7c c\u00f3 b\u1ea5t k\u1ef3 c\u00e2u h\u1ecfi n\u00e0o v\u1ec1 tuy\u00ean b\u1ed1 t\u1eeb ch\u1ed1i tr\u00e1ch nhi\u1ec7m c\u1ee7a trang web c\u1ee7a ch\u00fang t\u00f4i, vui l\u00f2ng li\u00ean h\u1ec7 v\u1edbi ch\u00fang t\u00f4i qua email t\u1ea1i bi\u1ec3u m\u1eabu Li\u00ean h\u1ec7.<\/p>\n<p style=\"text-align: center;\"><a href=\"https:\/\/drivervn.com\/?page_id=20791\">Li\u00ean h\u1ec7 v\u1edbi ch\u00fang t\u00f4i<\/a><\/p>\n<p>T\u1ea5t c\u1ea3 th\u00f4ng tin tr\u00ean trang web n\u00e0y \u0111\u01b0\u1ee3c c\u00f4ng b\u1ed1 m\u1ed9t c\u00e1ch thi\u1ec7n ch\u00ed v\u00e0 ch\u1ec9 nh\u1eb1m m\u1ee5c \u0111\u00edch th\u00f4ng tin chung. DriverVn.com kh\u00f4ng \u0111\u01b0a ra b\u1ea5t k\u1ef3 b\u1ea3o \u0111\u1ea3m n\u00e0o v\u1ec1 t\u00ednh \u0111\u1ea7y \u0111\u1ee7, \u0111\u1ed9 tin c\u1eady v\u00e0 \u0111\u1ed9 ch\u00ednh x\u00e1c c\u1ee7a th\u00f4ng tin n\u00e0y. B\u1ea5t k\u1ef3 h\u00e0nh \u0111\u1ed9ng n\u00e0o b\u1ea1n th\u1ef1c hi\u1ec7n \u0111\u1ed1i v\u1edbi th\u00f4ng tin b\u1ea1n t\u00ecm th\u1ea5y tr\u00ean trang web n\u00e0y (DriverVn.com), b\u1ea1n \u0111\u1ec1u ph\u1ea3i t\u1ef1 ch\u1ecbu r\u1ee7i ro. DriverVn.com s\u1ebd kh\u00f4ng ch\u1ecbu tr\u00e1ch nhi\u1ec7m v\u1ec1 b\u1ea5t k\u1ef3 t\u1ed5n th\u1ea5t v\u00e0\/ho\u1eb7c thi\u1ec7t h\u1ea1i n\u00e0o li\u00ean quan \u0111\u1ebfn vi\u1ec7c s\u1eed d\u1ee5ng trang web c\u1ee7a ch\u00fang t\u00f4i.<\/p>\n<p>T\u1eeb trang web c\u1ee7a ch\u00fang t\u00f4i, b\u1ea1n c\u00f3 th\u1ec3 truy c\u1eadp c\u00e1c trang web kh\u00e1c b\u1eb1ng c\u00e1ch \u0111i theo c\u00e1c si\u00eau li\u00ean k\u1ebft \u0111\u1ebfn c\u00e1c trang web b\u00ean ngo\u00e0i \u0111\u00f3. M\u1eb7c d\u00f9 ch\u00fang t\u00f4i c\u1ed1 g\u1eafng ch\u1ec9 cung c\u1ea5p c\u00e1c li\u00ean k\u1ebft ch\u1ea5t l\u01b0\u1ee3ng \u0111\u1ebfn c\u00e1c trang web h\u1eefu \u00edch v\u00e0 c\u00f3 \u0111\u1ea1o \u0111\u1ee9c, nh\u01b0ng ch\u00fang t\u00f4i kh\u00f4ng ki\u1ec3m so\u00e1t \u0111\u01b0\u1ee3c n\u1ed9i dung v\u00e0 t\u00ednh ch\u1ea5t c\u1ee7a c\u00e1c trang web n\u00e0y. C\u00e1c li\u00ean k\u1ebft \u0111\u1ebfn c\u00e1c trang web kh\u00e1c n\u00e0y kh\u00f4ng h\u00e0m \u00fd \u0111\u1ec1 xu\u1ea5t cho t\u1ea5t c\u1ea3 n\u1ed9i dung t\u00ecm th\u1ea5y tr\u00ean c\u00e1c trang web n\u00e0y. Ch\u1ee7 s\u1edf h\u1eefu trang web v\u00e0 n\u1ed9i dung c\u00f3 th\u1ec3 thay \u0111\u1ed5i m\u00e0 kh\u00f4ng c\u1ea7n th\u00f4ng b\u00e1o v\u00e0 c\u00f3 th\u1ec3 x\u1ea3y ra tr\u01b0\u1edbc khi ch\u00fang t\u00f4i c\u00f3 c\u01a1 h\u1ed9i x\u00f3a li\u00ean k\u1ebft c\u00f3 th\u1ec3 \u0111\u00e3 b\u1ecb &#8216;x\u1ea5u&#8217;.<\/p>\n<p>C\u0169ng xin l\u01b0u \u00fd r\u1eb1ng khi b\u1ea1n r\u1eddi kh\u1ecfi trang web c\u1ee7a ch\u00fang t\u00f4i, c\u00e1c trang web kh\u00e1c c\u00f3 th\u1ec3 c\u00f3 c\u00e1c ch\u00ednh s\u00e1ch v\u00e0 \u0111i\u1ec1u kho\u1ea3n v\u1ec1 quy\u1ec1n ri\u00eang t\u01b0 kh\u00e1c n\u1eb1m ngo\u00e0i t\u1ea7m ki\u1ec3m so\u00e1t c\u1ee7a ch\u00fang t\u00f4i. H\u00e3y \u0111\u1ea3m b\u1ea3o ki\u1ec3m tra Ch\u00ednh s\u00e1ch quy\u1ec1n ri\u00eang t\u01b0 c\u1ee7a c\u00e1c trang web n\u00e0y c\u0169ng nh\u01b0 \u201c\u0110i\u1ec1u kho\u1ea3n d\u1ecbch v\u1ee5\u201d c\u1ee7a h\u1ecd tr\u01b0\u1edbc khi tham gia v\u00e0o b\u1ea5t k\u1ef3 ho\u1ea1t \u0111\u1ed9ng kinh doanh n\u00e0o ho\u1eb7c t\u1ea3i l\u00ean b\u1ea5t k\u1ef3 th\u00f4ng tin n\u00e0o.<\/p>\n<p><strong>B\u00ecnh lu\u1eadn<\/strong><\/p>\n<p>Ch\u00fang t\u00f4i y\u00eau th\u00edch nh\u1eefng b\u00ecnh lu\u1eadn, nh\u01b0ng b\u1ea5t k\u1ef3 b\u00ecnh lu\u1eadn n\u00e0o mang t\u00ednh l\u0103ng m\u1ea1, gieo r\u1eafc h\u1eadn th\u00f9, ph\u00e2n bi\u1ec7t ch\u1ee7ng t\u1ed9c ho\u1eb7c b\u1ea5t k\u1ef3 c\u00e1ch n\u00e0o l\u00e0m t\u1ed5n th\u01b0\u01a1ng \u00fd ki\u1ebfn \u200b\u200bc\u1ee7a b\u1ea5t k\u1ef3 ai s\u1ebd kh\u00f4ng bao gi\u1edd \u0111\u01b0\u1ee3c ch\u1ea5p nh\u1eadn. Ch\u00fang t\u00f4i gi\u1eef b\u00ecnh lu\u1eadn c\u1ee7a m\u00ecnh \u0111\u01b0\u1ee3c ki\u1ec3m duy\u1ec7t \u0111\u1ec3 duy tr\u00ec t\u00ednh to\u00e0n v\u1eb9n c\u1ee7a c\u00e1c c\u00e1 nh\u00e2n. Ch\u00fang t\u00f4i gi\u1eef t\u1ea5t c\u1ea3 c\u00e1c quy\u1ec1n \u0111\u1ec3 ch\u1ea5p nh\u1eadn ho\u1eb7c t\u1eeb ch\u1ed1i c\u00e1c \u00fd ki\u1ebfn.<\/p>\n<p><strong>Ch\u00ednh s\u00e1ch qu\u1ea3ng c\u00e1o<\/strong><\/p>\n<p>Ch\u00fang t\u00f4i s\u1eed d\u1ee5ng c\u00f4ng ty qu\u1ea3ng c\u00e1o b\u00ean th\u1ee9 ba \u0111\u1ec3 ph\u1ee5c v\u1ee5 qu\u1ea3ng c\u00e1o. M\u1ed9t s\u1ed1 trong s\u1ed1 h\u1ecd nh\u01b0 AdSense s\u1eed d\u1ee5ng cookie DART \u0111\u1ec3 ph\u00e2n ph\u00e1t qu\u1ea3ng c\u00e1o d\u1ef1a tr\u00ean s\u1edf th\u00edch c\u1ee7a ng\u01b0\u1eddi d\u00f9ng v\u00e0 t\u01b0\u01a1ng t\u00e1c tr\u01b0\u1edbc \u0111\u00f3. M\u1eb7c d\u00f9 ng\u01b0\u1eddi d\u00f9ng lu\u00f4n c\u00f3 th\u1ec3 ch\u1ecdn kh\u00f4ng tham gia c\u00e0i \u0111\u1eb7t cookie DARt b\u1eb1ng c\u00e1ch truy c\u1eadp ch\u00ednh s\u00e1ch b\u1ea3o m\u1eadt c\u1ee7a qu\u1ea3ng c\u00e1o v\u00e0 m\u1ea1ng n\u1ed9i dung c\u1ee7a Google (https:\/\/policies.google.com\/technologists\/ads).<\/p>\n<p><strong>B\u1eb1ng l\u00f2ng<\/strong><\/p>\n<p>B\u1eb1ng c\u00e1ch s\u1eed d\u1ee5ng trang web c\u1ee7a ch\u00fang t\u00f4i, b\u1ea1n \u0111\u1ed3ng \u00fd v\u1edbi tuy\u00ean b\u1ed1 t\u1eeb ch\u1ed1i tr\u00e1ch nhi\u1ec7m c\u1ee7a ch\u00fang t\u00f4i v\u00e0 \u0111\u1ed3ng \u00fd v\u1edbi c\u00e1c \u0111i\u1ec1u kho\u1ea3n c\u1ee7a n\u00f3.<\/p>\n<p>Tuy\u00ean b\u1ed1 t\u1eeb ch\u1ed1i tr\u00e1ch nhi\u1ec7m c\u1ee7a trang web n\u00e0y \u0111\u01b0\u1ee3c c\u1eadp nh\u1eadt l\u1ea7n cu\u1ed1i v\u00e0o: Th\u1ee9 ba, ng\u00e0y 1 th\u00e1ng 1 n\u0103m 2018<\/p>\n<p>N\u1ebfu ch\u00fang t\u00f4i c\u1eadp nh\u1eadt, s\u1eeda \u0111\u1ed5i ho\u1eb7c th\u1ef1c hi\u1ec7n b\u1ea5t k\u1ef3 thay \u0111\u1ed5i n\u00e0o \u0111\u1ed1i v\u1edbi t\u00e0i li\u1ec7u n\u00e0y, nh\u1eefng thay \u0111\u1ed5i \u0111\u00f3 s\u1ebd \u0111\u01b0\u1ee3c \u0111\u0103ng n\u1ed5i b\u1eadt t\u1ea1i \u0111\u00e2y.<\/p>\n<div class=\"social-share-buttons\"><a href=\"https:\/\/www.facebook.com\/sharer\/sharer.php?u=https:\/\/drivervn.com\/?page_id=57956\" target=\"_blank\" rel=\"noopener\">Facebook<\/a><a href=\"https:\/\/twitter.com\/intent\/tweet?url=https:\/\/drivervn.com\/?page_id=57956&text=Tuy%C3%AAn+b%E1%BB%91+mi%E1%BB%85n+tr%E1%BB%AB+tr%C3%A1ch+nhi%E1%BB%87m\" target=\"_blank\" rel=\"noopener\">Twitter<\/a><a href=\"https:\/\/www.linkedin.com\/shareArticle?url=https:\/\/drivervn.com\/?page_id=57956&title=Tuy%C3%AAn+b%E1%BB%91+mi%E1%BB%85n+tr%E1%BB%AB+tr%C3%A1ch+nhi%E1%BB%87m\" target=\"_blank\" rel=\"noopener\">LinkedIn<\/a><a href=\"https:\/\/pinterest.com\/pin\/create\/button\/?url=https:\/\/drivervn.com\/?page_id=57956&description=Tuy%C3%AAn+b%E1%BB%91+mi%E1%BB%85n+tr%E1%BB%AB+tr%C3%A1ch+nhi%E1%BB%87m\" target=\"_blank\" rel=\"noopener\">Pinterest<\/a><\/div>","protected":false},"excerpt":{"rendered":"<p>M\u1ecdi \u00fd ki\u1ebfn \u200b\u200bv\u00e0 quan \u0111i\u1ec3m \u0111\u01b0\u1ee3c tr\u00ecnh b\u00e0y \u1edf \u0111\u00e2y ho\u00e0n to\u00e0n l\u00e0 \u00fd ki\u1ebfn \u200b\u200bc\u00e1 nh\u00e2n. E-mail \u0110\u1ecba ch\u1ec9 email \u0111\u01b0\u1ee3c \u0111\u1ec1 c\u1eadp trong m\u1eabu nh\u1eadn x\u00e9t s\u1ebd lu\u00f4n \u0111\u01b0\u1ee3c s\u1eed d\u1ee5ng v\u00ec m\u1ee5c \u0111\u00edch b\u1ea3o m\u1eadt v\u00e0&hellip;<\/p>\n<p class=\"more-link-p\"><a class=\"more-link\" href=\"https:\/\/drivervn.com\/?page_id=57956\">Read more &rarr;<\/a><\/p>\n","protected":false},"author":1,"featured_media":0,"parent":0,"menu_order":0,"comment_status":"closed","ping_status":"closed","template":"","meta":{"footnotes":""},"class_list":["post-57956","page","type-page","status-publish","hentry"],"_links":{"self":[{"href":"https:\/\/drivervn.com\/index.php?rest_route=\/wp\/v2\/pages\/57956","targetHints":{"allow":["GET"]}}],"collection":[{"href":"https:\/\/drivervn.com\/index.php?rest_route=\/wp\/v2\/pages"}],"about":[{"href":"https:\/\/drivervn.com\/index.php?rest_route=\/wp\/v2\/types\/page"}],"author":[{"embeddable":true,"href":"https:\/\/drivervn.com\/index.php?rest_route=\/wp\/v2\/users\/1"}],"replies":[{"embeddable":true,"href":"https:\/\/drivervn.com\/index.php?rest_route=%2Fwp%2Fv2%2Fcomments&post=57956"}],"version-history":[{"count":0,"href":"https:\/\/drivervn.com\/index.php?rest_route=\/wp\/v2\/pages\/57956\/revisions"}],"wp:attachment":[{"href":"https:\/\/drivervn.com\/index.php?rest_route=%2Fwp%2Fv2%2Fmedia&parent=57956"}],"curies":[{"name":"wp","href":"https:\/\/api.w.org\/{rel}","templated":true}]}}