{"id":57954,"date":"2018-01-01T07:46:23","date_gmt":"2018-01-01T07:46:23","guid":{"rendered":"https:\/\/drivervn.com\/?page_id=57954"},"modified":"2023-11-01T08:02:50","modified_gmt":"2023-11-01T08:02:50","slug":"chinh-sach-bao-mat","status":"publish","type":"page","link":"https:\/\/drivervn.com\/?page_id=57954","title":{"rendered":"Ch\u00ednh s\u00e1ch b\u1ea3o m\u1eadt"},"content":{"rendered":"<p><strong>Ch\u00ednh s\u00e1ch quy\u1ec1n ri\u00eang t\u01b0 c\u1ee7a DriverVn.com<\/strong><\/p>\n<p>T\u1ea1i DriverVn.com, c\u00f3 th\u1ec3 truy c\u1eadp t\u1eeb https:\/\/DriverVn.com, m\u1ed9t trong nh\u1eefng \u01b0u ti\u00ean ch\u00ednh c\u1ee7a ch\u00fang t\u00f4i l\u00e0 quy\u1ec1n ri\u00eang t\u01b0 c\u1ee7a kh\u00e1ch truy c\u1eadp. T\u00e0i li\u1ec7u Ch\u00ednh s\u00e1ch quy\u1ec1n ri\u00eang t\u01b0 n\u00e0y ch\u1ee9a c\u00e1c lo\u1ea1i th\u00f4ng tin \u0111\u01b0\u1ee3c DriverVn.com thu th\u1eadp v\u00e0 ghi l\u1ea1i c\u0169ng nh\u01b0 c\u00e1ch ch\u00fang t\u00f4i s\u1eed d\u1ee5ng th\u00f4ng tin \u0111\u00f3.<\/p>\n<p>N\u1ebfu b\u1ea1n c\u00f3 th\u00eam c\u00e2u h\u1ecfi ho\u1eb7c y\u00eau c\u1ea7u th\u00eam th\u00f4ng tin v\u1ec1 Ch\u00ednh s\u00e1ch quy\u1ec1n ri\u00eang t\u01b0 c\u1ee7a ch\u00fang t\u00f4i, vui l\u00f2ng li\u00ean h\u1ec7 v\u1edbi ch\u00fang t\u00f4i qua email t\u1ea1i bi\u1ec3u m\u1eabu Li\u00ean h\u1ec7.<\/p>\n<p style=\"text-align: center;\"><a href=\"https:\/\/drivervn.com\/?page_id=20791\">Li\u00ean h\u1ec7 v\u1edbi ch\u00fang t\u00f4i<\/a><\/p>\n<p><strong>T\u1ec7p nh\u1eadt k\u00fd<\/strong><\/p>\n<p>DriverVn.com tu\u00e2n theo quy tr\u00ecnh ti\u00eau chu\u1ea9n s\u1eed d\u1ee5ng t\u1ec7p nh\u1eadt k\u00fd. Nh\u1eefng t\u1eadp tin n\u00e0y ghi l\u1ea1i kh\u00e1ch truy c\u1eadp khi h\u1ecd truy c\u1eadp trang web. T\u1ea5t c\u1ea3 c\u00e1c c\u00f4ng ty l\u01b0u tr\u1eef \u0111\u1ec1u th\u1ef1c hi\u1ec7n vi\u1ec7c n\u00e0y v\u00e0 l\u00e0 m\u1ed9t ph\u1ea7n trong ph\u00e2n t\u00edch c\u1ee7a d\u1ecbch v\u1ee5 l\u01b0u tr\u1eef. Th\u00f4ng tin \u0111\u01b0\u1ee3c thu th\u1eadp b\u1edfi t\u1ec7p nh\u1eadt k\u00fd bao g\u1ed3m \u0111\u1ecba ch\u1ec9 giao th\u1ee9c internet (IP), lo\u1ea1i tr\u00ecnh duy\u1ec7t, Nh\u00e0 cung c\u1ea5p d\u1ecbch v\u1ee5 Internet (ISP), d\u1ea5u ng\u00e0y v\u00e0 gi\u1edd, trang gi\u1edbi thi\u1ec7u\/tho\u00e1t v\u00e0 c\u00f3 th\u1ec3 c\u1ea3 s\u1ed1 l\u1ea7n nh\u1ea5p chu\u1ed9t. Ch\u00fang kh\u00f4ng \u0111\u01b0\u1ee3c li\u00ean k\u1ebft v\u1edbi b\u1ea5t k\u1ef3 th\u00f4ng tin n\u00e0o c\u00f3 th\u1ec3 nh\u1eadn d\u1ea1ng c\u00e1 nh\u00e2n. M\u1ee5c \u0111\u00edch c\u1ee7a th\u00f4ng tin l\u00e0 \u0111\u1ec3 ph\u00e2n t\u00edch xu h\u01b0\u1edbng, qu\u1ea3n tr\u1ecb trang web, theo d\u00f5i chuy\u1ec3n \u0111\u1ed9ng c\u1ee7a ng\u01b0\u1eddi d\u00f9ng tr\u00ean trang web v\u00e0 thu th\u1eadp th\u00f4ng tin nh\u00e2n kh\u1ea9u h\u1ecdc.<\/p>\n<p><strong>Cookie v\u00e0 \u0111\u00e8n hi\u1ec7u web<\/strong><\/p>\n<p>Gi\u1ed1ng nh\u01b0 b\u1ea5t k\u1ef3 trang web n\u00e0o kh\u00e1c, DriverVn.com s\u1eed d\u1ee5ng \u2018cookie\u2019. Nh\u1eefng cookie n\u00e0y \u0111\u01b0\u1ee3c s\u1eed d\u1ee5ng \u0111\u1ec3 l\u01b0u tr\u1eef th\u00f4ng tin bao g\u1ed3m t\u00f9y ch\u1ecdn c\u1ee7a kh\u00e1ch truy c\u1eadp v\u00e0 c\u00e1c trang tr\u00ean trang web m\u00e0 kh\u00e1ch truy c\u1eadp \u0111\u00e3 truy c\u1eadp ho\u1eb7c truy c\u1eadp. Th\u00f4ng tin \u0111\u01b0\u1ee3c s\u1eed d\u1ee5ng \u0111\u1ec3 t\u1ed1i \u01b0u h\u00f3a tr\u1ea3i nghi\u1ec7m c\u1ee7a ng\u01b0\u1eddi d\u00f9ng b\u1eb1ng c\u00e1ch t\u00f9y ch\u1ec9nh n\u1ed9i dung trang web c\u1ee7a ch\u00fang t\u00f4i d\u1ef1a tr\u00ean lo\u1ea1i tr\u00ecnh duy\u1ec7t c\u1ee7a kh\u00e1ch truy c\u1eadp v\u00e0\/ho\u1eb7c th\u00f4ng tin kh\u00e1c.<\/p>\n<p><strong>Cookie DART DoubleClick c\u1ee7a Google<\/strong><\/p>\n<p>Google l\u00e0 m\u1ed9t trong nh\u1eefng nh\u00e0 cung c\u1ea5p b\u00ean th\u1ee9 ba tr\u00ean trang web c\u1ee7a ch\u00fang t\u00f4i. N\u00f3 c\u0169ng s\u1eed d\u1ee5ng cookie, \u0111\u01b0\u1ee3c g\u1ecdi l\u00e0 cookie DART, \u0111\u1ec3 ph\u00e2n ph\u00e1t qu\u1ea3ng c\u00e1o cho kh\u00e1ch truy c\u1eadp trang web c\u1ee7a ch\u00fang t\u00f4i d\u1ef1a tr\u00ean l\u01b0\u1ee3t truy c\u1eadp c\u1ee7a h\u1ecd v\u00e0o www.website.com v\u00e0 c\u00e1c trang web kh\u00e1c tr\u00ean internet. Tuy nhi\u00ean, kh\u00e1ch truy c\u1eadp c\u00f3 th\u1ec3 ch\u1ecdn t\u1eeb ch\u1ed1i s\u1eed d\u1ee5ng cookie DART b\u1eb1ng c\u00e1ch truy c\u1eadp Ch\u00ednh s\u00e1ch b\u1ea3o m\u1eadt c\u1ee7a qu\u1ea3ng c\u00e1o v\u00e0 m\u1ea1ng n\u1ed9i dung Google t\u1ea1i URL sau \u2013 https:\/\/policies.google.com\/technologists\/ads<\/p>\n<p><strong>Ch\u00ednh s\u00e1ch quy\u1ec1n ri\u00eang t\u01b0<\/strong><\/p>\n<p>B\u1ea1n c\u00f3 th\u1ec3 tham kh\u1ea3o danh s\u00e1ch n\u00e0y \u0111\u1ec3 t\u00ecm Ch\u00ednh s\u00e1ch quy\u1ec1n ri\u00eang t\u01b0 cho t\u1eebng \u0111\u1ed1i t\u00e1c qu\u1ea3ng c\u00e1o c\u1ee7a DriverVn.com.<\/p>\n<p>M\u00e1y ch\u1ee7 qu\u1ea3ng c\u00e1o ho\u1eb7c m\u1ea1ng qu\u1ea3ng c\u00e1o c\u1ee7a b\u00ean th\u1ee9 ba s\u1eed d\u1ee5ng c\u00e1c c\u00f4ng ngh\u1ec7 nh\u01b0 cookie, JavaScript ho\u1eb7c Web Beacons \u0111\u01b0\u1ee3c s\u1eed d\u1ee5ng trong c\u00e1c qu\u1ea3ng c\u00e1o v\u00e0 li\u00ean k\u1ebft t\u01b0\u01a1ng \u1ee9ng xu\u1ea5t hi\u1ec7n tr\u00ean DriverVn.com, \u0111\u01b0\u1ee3c g\u1eedi tr\u1ef1c ti\u1ebfp \u0111\u1ebfn tr\u00ecnh duy\u1ec7t c\u1ee7a ng\u01b0\u1eddi d\u00f9ng. H\u1ecd t\u1ef1 \u0111\u1ed9ng nh\u1eadn \u0111\u1ecba ch\u1ec9 IP c\u1ee7a b\u1ea1n khi \u0111i\u1ec1u n\u00e0y x\u1ea3y ra. Nh\u1eefng c\u00f4ng ngh\u1ec7 n\u00e0y \u0111\u01b0\u1ee3c s\u1eed d\u1ee5ng \u0111\u1ec3 \u0111o l\u01b0\u1eddng t\u00ednh hi\u1ec7u qu\u1ea3 c\u1ee7a c\u00e1c chi\u1ebfn d\u1ecbch qu\u1ea3ng c\u00e1o c\u1ee7a h\u1ecd v\u00e0\/ho\u1eb7c \u0111\u1ec3 c\u00e1 nh\u00e2n h\u00f3a n\u1ed9i dung qu\u1ea3ng c\u00e1o m\u00e0 b\u1ea1n th\u1ea5y tr\u00ean c\u00e1c trang web m\u00e0 b\u1ea1n truy c\u1eadp.<\/p>\n<p>L\u01b0u \u00fd r\u1eb1ng DriverVn.com kh\u00f4ng c\u00f3 quy\u1ec1n truy c\u1eadp ho\u1eb7c ki\u1ec3m so\u00e1t c\u00e1c cookie n\u00e0y \u0111\u01b0\u1ee3c c\u00e1c nh\u00e0 qu\u1ea3ng c\u00e1o b\u00ean th\u1ee9 ba s\u1eed d\u1ee5ng.<\/p>\n<p><strong>Ch\u00ednh s\u00e1ch v\u1ec1 quy\u1ec1n ri\u00eang t\u01b0 c\u1ee7a b\u00ean th\u1ee9 ba<\/strong><\/p>\n<p>Ch\u00ednh s\u00e1ch quy\u1ec1n ri\u00eang t\u01b0 c\u1ee7a DriverVn.com kh\u00f4ng \u00e1p d\u1ee5ng cho c\u00e1c nh\u00e0 qu\u1ea3ng c\u00e1o ho\u1eb7c trang web kh\u00e1c. V\u00ec v\u1eady, ch\u00fang t\u00f4i khuy\u00ean b\u1ea1n n\u00ean tham kh\u1ea3o Ch\u00ednh s\u00e1ch quy\u1ec1n ri\u00eang t\u01b0 t\u01b0\u01a1ng \u1ee9ng c\u1ee7a c\u00e1c m\u00e1y ch\u1ee7 qu\u1ea3ng c\u00e1o b\u00ean th\u1ee9 ba n\u00e0y \u0111\u1ec3 bi\u1ebft th\u00eam th\u00f4ng tin chi ti\u1ebft. N\u00f3 c\u00f3 th\u1ec3 bao g\u1ed3m c\u00e1c th\u00f4ng l\u1ec7 v\u00e0 h\u01b0\u1edbng d\u1eabn c\u1ee7a h\u1ecd v\u1ec1 c\u00e1ch t\u1eeb ch\u1ed1i m\u1ed9t s\u1ed1 t\u00f9y ch\u1ecdn nh\u1ea5t \u0111\u1ecbnh. B\u1ea1n c\u00f3 th\u1ec3 t\u00ecm th\u1ea5y danh s\u00e1ch \u0111\u1ea7y \u0111\u1ee7 c\u00e1c Ch\u00ednh s\u00e1ch quy\u1ec1n ri\u00eang t\u01b0 n\u00e0y v\u00e0 c\u00e1c li\u00ean k\u1ebft c\u1ee7a ch\u00fang t\u1ea1i \u0111\u00e2y: Li\u00ean k\u1ebft ch\u00ednh s\u00e1ch quy\u1ec1n ri\u00eang t\u01b0.<\/p>\n<p>B\u1ea1n c\u00f3 th\u1ec3 ch\u1ecdn t\u1eaft cookie th\u00f4ng qua c\u00e1c t\u00f9y ch\u1ecdn tr\u00ecnh duy\u1ec7t c\u00e1 nh\u00e2n c\u1ee7a m\u00ecnh. \u0110\u1ec3 bi\u1ebft th\u00f4ng tin chi ti\u1ebft h\u01a1n v\u1ec1 qu\u1ea3n l\u00fd cookie v\u1edbi c\u00e1c tr\u00ecnh duy\u1ec7t web c\u1ee5 th\u1ec3, b\u1ea1n c\u00f3 th\u1ec3 t\u00ecm th\u1ea5y th\u00f4ng tin n\u00e0y t\u1ea1i c\u00e1c trang web t\u01b0\u01a1ng \u1ee9ng c\u1ee7a tr\u00ecnh duy\u1ec7t. Cookie l\u00e0 g\u00ec?<\/p>\n<p><strong>Th\u00f4ng tin tr\u1ebb em<\/strong><\/p>\n<p>M\u1ed9t ph\u1ea7n \u01b0u ti\u00ean kh\u00e1c c\u1ee7a ch\u00fang t\u00f4i l\u00e0 t\u0103ng c\u01b0\u1eddng b\u1ea3o v\u1ec7 tr\u1ebb em khi s\u1eed d\u1ee5ng Internet. Ch\u00fang t\u00f4i khuy\u1ebfn kh\u00edch ph\u1ee5 huynh v\u00e0 ng\u01b0\u1eddi gi\u00e1m h\u1ed9 quan s\u00e1t, tham gia v\u00e0\/ho\u1eb7c gi\u00e1m s\u00e1t v\u00e0 h\u01b0\u1edbng d\u1eabn ho\u1ea1t \u0111\u1ed9ng tr\u1ef1c tuy\u1ebfn c\u1ee7a h\u1ecd.<\/p>\n<p>DriverVn.com kh\u00f4ng c\u1ed1 \u00fd thu th\u1eadp b\u1ea5t k\u1ef3 Th\u00f4ng tin nh\u1eadn d\u1ea1ng c\u00e1 nh\u00e2n n\u00e0o t\u1eeb tr\u1ebb em d\u01b0\u1edbi 13 tu\u1ed5i. N\u1ebfu b\u1ea1n cho r\u1eb1ng con b\u1ea1n \u0111\u00e3 cung c\u1ea5p lo\u1ea1i th\u00f4ng tin n\u00e0y tr\u00ean trang web c\u1ee7a ch\u00fang t\u00f4i, ch\u00fang t\u00f4i \u0111\u1eb7c bi\u1ec7t khuy\u1ebfn kh\u00edch b\u1ea1n li\u00ean h\u1ec7 v\u1edbi ch\u00fang t\u00f4i ngay l\u1eadp t\u1ee9c v\u00e0 ch\u00fang t\u00f4i s\u1ebd n\u1ed7 l\u1ef1c h\u1ebft s\u1ee9c \u0111\u1ec3 nhanh ch\u00f3ng x\u00f3a th\u00f4ng tin \u0111\u00f3 kh\u1ecfi h\u1ed3 s\u01a1 c\u1ee7a ch\u00fang t\u00f4i.<\/p>\n<p><strong>Ch\u1ec9 ch\u00ednh s\u00e1ch b\u1ea3o m\u1eadt tr\u1ef1c tuy\u1ebfn<\/strong><\/p>\n<p>Ch\u00ednh s\u00e1ch quy\u1ec1n ri\u00eang t\u01b0 n\u00e0y ch\u1ec9 \u00e1p d\u1ee5ng cho c\u00e1c ho\u1ea1t \u0111\u1ed9ng tr\u1ef1c tuy\u1ebfn c\u1ee7a ch\u00fang t\u00f4i v\u00e0 c\u00f3 hi\u1ec7u l\u1ef1c \u0111\u1ed1i v\u1edbi kh\u00e1ch truy c\u1eadp v\u00e0o trang web c\u1ee7a ch\u00fang t\u00f4i li\u00ean quan \u0111\u1ebfn th\u00f4ng tin h\u1ecd \u0111\u00e3 chia s\u1ebb v\u00e0\/ho\u1eb7c thu th\u1eadp trong DriverVn.com. Ch\u00ednh s\u00e1ch n\u00e0y kh\u00f4ng \u00e1p d\u1ee5ng cho b\u1ea5t k\u1ef3 th\u00f4ng tin n\u00e0o \u0111\u01b0\u1ee3c thu th\u1eadp ngo\u1ea1i tuy\u1ebfn ho\u1eb7c qua c\u00e1c k\u00eanh kh\u00e1c ngo\u00e0i trang web n\u00e0y.<\/p>\n<p><strong>B\u1eb1ng l\u00f2ng<\/strong><\/p>\n<p>B\u1eb1ng c\u00e1ch s\u1eed d\u1ee5ng trang web c\u1ee7a ch\u00fang t\u00f4i, b\u1ea1n \u0111\u1ed3ng \u00fd v\u1edbi Ch\u00ednh s\u00e1ch quy\u1ec1n ri\u00eang t\u01b0 c\u1ee7a ch\u00fang t\u00f4i v\u00e0 \u0111\u1ed3ng \u00fd v\u1edbi c\u00e1c \u0110i\u1ec1u kho\u1ea3n v\u00e0 \u0110i\u1ec1u ki\u1ec7n.<\/p>\n<div class=\"social-share-buttons\"><a href=\"https:\/\/www.facebook.com\/sharer\/sharer.php?u=https:\/\/drivervn.com\/?page_id=57954\" target=\"_blank\" rel=\"noopener\">Facebook<\/a><a href=\"https:\/\/twitter.com\/intent\/tweet?url=https:\/\/drivervn.com\/?page_id=57954&text=Ch%C3%ADnh+s%C3%A1ch+b%E1%BA%A3o+m%E1%BA%ADt\" target=\"_blank\" rel=\"noopener\">Twitter<\/a><a href=\"https:\/\/www.linkedin.com\/shareArticle?url=https:\/\/drivervn.com\/?page_id=57954&title=Ch%C3%ADnh+s%C3%A1ch+b%E1%BA%A3o+m%E1%BA%ADt\" target=\"_blank\" rel=\"noopener\">LinkedIn<\/a><a href=\"https:\/\/pinterest.com\/pin\/create\/button\/?url=https:\/\/drivervn.com\/?page_id=57954&description=Ch%C3%ADnh+s%C3%A1ch+b%E1%BA%A3o+m%E1%BA%ADt\" target=\"_blank\" rel=\"noopener\">Pinterest<\/a><\/div>","protected":false},"excerpt":{"rendered":"<p>Ch\u00ednh s\u00e1ch quy\u1ec1n ri\u00eang t\u01b0 c\u1ee7a DriverVn.com T\u1ea1i DriverVn.com, c\u00f3 th\u1ec3 truy c\u1eadp t\u1eeb https:\/\/DriverVn.com, m\u1ed9t trong nh\u1eefng \u01b0u ti\u00ean ch\u00ednh c\u1ee7a ch\u00fang t\u00f4i l\u00e0 quy\u1ec1n ri\u00eang t\u01b0 c\u1ee7a kh\u00e1ch truy c\u1eadp. T\u00e0i li\u1ec7u Ch\u00ednh s\u00e1ch quy\u1ec1n ri\u00eang t\u01b0 n\u00e0y&hellip;<\/p>\n<p class=\"more-link-p\"><a class=\"more-link\" href=\"https:\/\/drivervn.com\/?page_id=57954\">Read more &rarr;<\/a><\/p>\n","protected":false},"author":1,"featured_media":0,"parent":0,"menu_order":0,"comment_status":"closed","ping_status":"closed","template":"","meta":{"footnotes":""},"class_list":["post-57954","page","type-page","status-publish","hentry"],"_links":{"self":[{"href":"https:\/\/drivervn.com\/index.php?rest_route=\/wp\/v2\/pages\/57954","targetHints":{"allow":["GET"]}}],"collection":[{"href":"https:\/\/drivervn.com\/index.php?rest_route=\/wp\/v2\/pages"}],"about":[{"href":"https:\/\/drivervn.com\/index.php?rest_route=\/wp\/v2\/types\/page"}],"author":[{"embeddable":true,"href":"https:\/\/drivervn.com\/index.php?rest_route=\/wp\/v2\/users\/1"}],"replies":[{"embeddable":true,"href":"https:\/\/drivervn.com\/index.php?rest_route=%2Fwp%2Fv2%2Fcomments&post=57954"}],"version-history":[{"count":0,"href":"https:\/\/drivervn.com\/index.php?rest_route=\/wp\/v2\/pages\/57954\/revisions"}],"wp:attachment":[{"href":"https:\/\/drivervn.com\/index.php?rest_route=%2Fwp%2Fv2%2Fmedia&parent=57954"}],"curies":[{"name":"wp","href":"https:\/\/api.w.org\/{rel}","templated":true}]}}