{"id":21256,"date":"2018-12-22T06:33:34","date_gmt":"2018-12-22T06:33:34","guid":{"rendered":"https:\/\/drivervn.com\/?page_id=21256"},"modified":"2023-09-18T17:13:12","modified_gmt":"2023-09-18T17:13:12","slug":"phan-mem-may-tinh","status":"publish","type":"page","link":"https:\/\/drivervn.com\/","title":{"rendered":"T\u1ea3i xu\u1ed1ng v\u00e0 c\u00e0i \u0111\u1eb7t ph\u1ea7n m\u1ec1m"},"content":{"rendered":"<p>Trang web cung c\u1ea5p th\u00f4ng tin v\u1ec1 vi\u1ec7c s\u1eed d\u1ee5ng m\u00e1y t\u00ednh v\u00e0 ph\u1ea7n m\u1ec1m. Th\u00f4ng tin n\u00e0y n\u1eb1m trong ph\u1ea7n chuy\u00ean \u0111\u1ec1. Ngo\u00e0i ra, tr\u00ean trang web, b\u1ea1n c\u00f3 th\u1ec3 t\u00ecm th\u1ea5y c\u00e2u tr\u1ea3 l\u1eddi cho c\u00e1c c\u00e2u h\u1ecfi ph\u1ee9c t\u1ea1p n\u1ea3y sinh khi s\u1eed d\u1ee5ng m\u00e1y in, m\u00e1y qu\u00e9t, m\u00e0n h\u00ecnh, m\u00e1y t\u00ednh x\u00e1ch tay v\u00e0 c\u00e1c thi\u1ebft b\u1ecb m\u00e1y t\u00ednh kh\u00e1c.<\/p>\n<p>N\u1ebfu b\u1ea1n kh\u00f4ng bi\u1ebft c\u00e1ch k\u1ebft n\u1ed1i m\u1ed9t thi\u1ebft b\u1ecb b\u1ed5 sung v\u1edbi m\u00e1y t\u00ednh c\u1ee7a m\u00ecnh v\u00e0 c\u1ea7n h\u01b0\u1edbng d\u1eabn v\u1ec1 c\u00e1ch k\u1ebft n\u1ed1i ch\u00ednh x\u00e1c, b\u1ea1n c\u00f3 th\u1ec3 s\u1eed d\u1ee5ng thanh t\u00ecm ki\u1ebfm tr\u00ean trang web n\u00e0y (n\u1eb1m \u1edf tr\u00ean c\u00f9ng b\u00ean ph\u1ea3i c\u1ee7a b\u1ea5t k\u1ef3 trang n\u00e0o) ho\u1eb7c vi\u1ebft th\u01b0 cho ch\u00fang t\u00f4i.<\/p>\n<p>C\u1ea7n c\u00f3 ph\u1ea7n m\u1ec1m \u0111\u1ec3 s\u1eed d\u1ee5ng b\u1ea5t k\u1ef3 thi\u1ebft b\u1ecb m\u00e1y t\u00ednh n\u00e0o. B\u1ea1n n\u00ean s\u1eed d\u1ee5ng ph\u1ea7n m\u1ec1m g\u1ed1c \u0111i k\u00e8m v\u1edbi thi\u1ebft b\u1ecb m\u00e1y t\u00ednh c\u1ee7a m\u00ecnh. N\u1ebfu b\u1ea1n kh\u00f4ng c\u00f3 ph\u1ea7n m\u1ec1m v\u00e0 kh\u00f4ng th\u1ec3 t\u00ecm th\u1ea5y ph\u1ea7n m\u1ec1m n\u00e0y tr\u00ean trang web c\u1ee7a nh\u00e0 s\u1ea3n xu\u1ea5t thi\u1ebft b\u1ecb m\u00e1y t\u00ednh, th\u00ec ch\u00fang t\u00f4i c\u00f3 th\u1ec3 gi\u00fap b\u1ea1n. H\u00e3y cho ch\u00fang t\u00f4i bi\u1ebft ki\u1ec3u m\u00e1y in, m\u00e1y qu\u00e9t, m\u00e0n h\u00ecnh ho\u1eb7c thi\u1ebft b\u1ecb m\u00e1y t\u00ednh kh\u00e1c c\u1ee7a b\u1ea1n, c\u0169ng nh\u01b0 phi\u00ean b\u1ea3n c\u1ee7a h\u1ec7 \u0111i\u1ec1u h\u00e0nh (v\u00ed d\u1ee5: Windows 11, Windows 10, Windows 8, v.v.).<\/p>\n<p>Tr\u01b0\u1edbc khi s\u1eed d\u1ee5ng m\u00e1y in, m\u00e1y qu\u00e9t, m\u00e0n h\u00ecnh ho\u1eb7c thi\u1ebft b\u1ecb m\u00e1y t\u00ednh kh\u00e1c, b\u1ea1n ph\u1ea3i c\u00e0i \u0111\u1eb7t tr\u00ecnh \u0111i\u1ec1u khi\u1ec3n, th\u01b0\u1eddng n\u1eb1m tr\u00ean \u0111\u0129a \u0111i k\u00e8m v\u1edbi thi\u1ebft b\u1ecb n\u00e0y. N\u1ebfu kh\u00f4ng c\u00f3 \u0111\u0129a ho\u1eb7c b\u1ecb m\u1ea5t, b\u1ea1n c\u00f3 th\u1ec3 t\u1ea3i xu\u1ed1ng tr\u00ecnh \u0111i\u1ec1u khi\u1ec3n c\u1ea7n thi\u1ebft tr\u00ean trang web. Kh\u00f4ng c\u00f3 tr\u00ecnh \u0111i\u1ec1u khi\u1ec3n, h\u1ec7 \u0111i\u1ec1u h\u00e0nh kh\u00f4ng th\u1ec3 ph\u00e1t hi\u1ec7n thi\u1ebft b\u1ecb \u0111\u01b0\u1ee3c k\u1ebft n\u1ed1i.<\/p>\n<p><strong>Ph\u1ea7n m\u1ec1m m\u00e1y t\u00ednh<\/strong><\/p>\n<p><img loading=\"lazy\" decoding=\"async\" class=\"alignleft wp-image-21254 size-full\" title=\"Ch\u01b0\u01a1ng tr\u00ecnh \u0111i\u1ec1u khi\u1ec3n\" src=\"https:\/\/drivervn.com\/wp-content\/uploads\/2018\/12\/DSC00803.jpg\" alt=\"Ch\u01b0\u01a1ng tr\u00ecnh \u0111i\u1ec1u khi\u1ec3n\" width=\"270\" height=\"200\" srcset=\"https:\/\/drivervn.com\/wp-content\/uploads\/2018\/12\/DSC00803.jpg 270w, https:\/\/drivervn.com\/wp-content\/uploads\/2018\/12\/DSC00803-260x193.jpg 260w, https:\/\/drivervn.com\/wp-content\/uploads\/2018\/12\/DSC00803-160x119.jpg 160w\" sizes=\"auto, (max-width: 270px) 100vw, 270px\" \/>Ph\u1ea7n m\u1ec1m m\u00e1y t\u00ednh, hay \u0111\u01a1n gi\u1ea3n l\u00e0 ph\u1ea7n m\u1ec1m, c\u0169ng \u0111\u01b0\u1ee3c ng\u01b0\u1eddi Vi\u1ec7t h\u1ea3i ngo\u1ea1i g\u1ecdi l\u00e0 nhu li\u1ec7u l\u00e0 t\u1eadp h\u1ee3p d\u1eef li\u1ec7u ho\u1eb7c h\u01b0\u1edbng d\u1eabn m\u00e1y t\u00ednh cho m\u00e1y t\u00ednh bi\u1ebft c\u00e1ch l\u00e0m vi\u1ec7c. \u0110i\u1ec1u n\u00e0y tr\u00e1i ng\u01b0\u1ee3c v\u1edbi ph\u1ea7n c\u1ee9ng v\u1eadt l\u00fd, t\u1eeb \u0111\u00f3 h\u1ec7 th\u1ed1ng \u0111\u01b0\u1ee3c x\u00e2y d\u1ef1ng v\u00e0 th\u1ef1c s\u1ef1 th\u1ef1c hi\u1ec7n c\u00f4ng vi\u1ec7c. Trong khoa h\u1ecdc m\u00e1y t\u00ednh v\u00e0 k\u1ef9 thu\u1eadt ph\u1ea7n m\u1ec1m, ph\u1ea7n m\u1ec1m m\u00e1y t\u00ednh l\u00e0 t\u1ea5t c\u1ea3 th\u00f4ng tin \u0111\u01b0\u1ee3c x\u1eed l\u00fd b\u1edfi h\u1ec7 th\u1ed1ng m\u00e1y t\u00ednh, ch\u01b0\u01a1ng tr\u00ecnh v\u00e0 d\u1eef li\u1ec7u. Ph\u1ea7n m\u1ec1m m\u00e1y t\u00ednh bao g\u1ed3m c\u00e1c ch\u01b0\u01a1ng tr\u00ecnh m\u00e1y t\u00ednh, th\u01b0 vi\u1ec7n v\u00e0 d\u1eef li\u1ec7u kh\u00f4ng th\u1ec3 th\u1ef1c thi li\u00ean quan, ch\u1eb3ng h\u1ea1n nh\u01b0 t\u00e0i li\u1ec7u tr\u1ef1c tuy\u1ebfn ho\u1eb7c ph\u01b0\u01a1ng ti\u1ec7n k\u1ef9 thu\u1eadt s\u1ed1. Ph\u1ea7n c\u1ee9ng v\u00e0 ph\u1ea7n m\u1ec1m m\u00e1y t\u00ednh y\u00eau c\u1ea7u l\u1eabn nhau v\u00e0 kh\u00f4ng th\u1ec3 t\u1ef1 s\u1eed d\u1ee5ng m\u1ed9t c\u00e1ch th\u1ef1c t\u1ebf.<\/p>\n<p>Ch\u01b0\u01a1ng tr\u00ecnh \u0111i\u1ec1u khi\u1ec3n hay tr\u00ecnh \u0111i\u1ec1u khi\u1ec3n l\u00e0 m\u1ed9t lo\u1ea1i ph\u1ea7n m\u1ec1m m\u00e1y t\u00ednh \u0111\u1eb7c bi\u1ec7t, \u0111\u01b0\u1ee3c ph\u00e1t tri\u1ec3n \u0111\u1ec3 cho ph\u00e9p t\u01b0\u01a1ng t\u00e1c v\u1edbi c\u00e1c thi\u1ebft b\u1ecb ph\u1ea7n c\u1ee9ng. M\u1ed7i tr\u00ecnh \u0111i\u1ec1u khi\u1ec3n \u1ee9ng v\u1edbi m\u1ed9t thi\u1ebft b\u1ecb nh\u1ea5t \u0111\u1ecbnh. Ch\u01b0\u01a1ng tr\u00ecnh n\u00e0y t\u1ea1o ra m\u1ed9t giao di\u1ec7n \u0111\u1ec3 giao ti\u1ebfp v\u1edbi thi\u1ebft b\u1ecb \u1ee9ng v\u1edbi n\u00f3 qua c\u00e1c bus m\u00e1y t\u00ednh \u0111\u1eb7c bi\u1ec7t. N\u00f3 cung c\u1ea5p c\u00e1c l\u1ec7nh \u0111\u1ec3 nh\u1eadn v\u00e0 g\u1eedi d\u1eef li\u1ec7u t\u1edbi thi\u1ebft b\u1ecb \u0111\u00f3. Tr\u00ecnh \u0111i\u1ec1u khi\u1ec3n c\u00f2n cung c\u1ea5p giao ti\u1ebfp c\u1ea7n thi\u1ebft cho h\u1ec7 \u0111i\u1ec1u h\u00e0nh v\u00e0 c\u00e1c ph\u1ea7n m\u1ec1m \u1ee9ng d\u1ee5ng.<\/p>\n<p>Th\u01b0\u1eddng \u0111\u01b0\u1ee3c g\u1ecdi \u0111\u01a1n gi\u1ea3n l\u00e0 driver, tr\u00ecnh \u0111i\u1ec1u khi\u1ec3n thi\u1ebft b\u1ecb l\u00e0 ph\u1ea7n m\u1ec1m m\u00e1y t\u00ednh \u0111\u01b0\u1ee3c vi\u1ebft ri\u00eang cho m\u1ed9t thi\u1ebft b\u1ecb ph\u1ea7n c\u1ee9ng c\u1ee5 th\u1ec3 v\u00e0 m\u1ed9t h\u1ec7 \u0111i\u1ec1u h\u00e0nh c\u1ee5 th\u1ec3 cho ph\u00e9p m\u1ed9t ch\u01b0\u01a1ng tr\u00ecnh, th\u01b0\u1eddng l\u00e0 h\u1ec7 \u0111i\u1ec1u h\u00e0nh ho\u1eb7c \u1ee9ng d\u1ee5ng ph\u1ea7n m\u1ec1m, t\u01b0\u01a1ng t\u00e1c trong su\u1ed1t v\u1edbi thi\u1ebft b\u1ecb \u0111\u00f3. Tr\u00ecnh \u0111i\u1ec1u khi\u1ec3n thi\u1ebft b\u1ecb cung c\u1ea5p vi\u1ec7c x\u1eed l\u00fd c\u00e1c ng\u1eaft c\u1ea7n thi\u1ebft m\u00e0 c\u00e1c giao ti\u1ebfp ph\u1ea7n c\u1ee9ng ph\u1ee5 thu\u1ed9c th\u1eddi gian b\u1ea5t \u0111\u1ed1i x\u1ee9ng \u0111\u00f2i h\u1ecfi.<\/p>\n<p>Tr\u00ean trang web, b\u1ea1n c\u00f3 th\u1ec3 t\u1ea3i xu\u1ed1ng tr\u00ecnh \u0111i\u1ec1u khi\u1ec3n (ph\u1ea7n m\u1ec1m) cho Windows 11, Windows 10, Windows 8, Windows 8.1, Windows 7, Windows Vista, Windows XP (64-bit \/ 32-bit) Mac OS v\u00e0 c\u00e1c h\u1ec7 \u0111i\u1ec1u h\u00e0nh kh\u00e1c.<\/p>\n<p>Ch\u00fang t\u00f4i hy v\u1ecdng trang web c\u1ee7a ch\u00fang t\u00f4i s\u1ebd gi\u00fap b\u1ea1n gi\u1ea3i quy\u1ebft c\u00e1c v\u1ea5n \u0111\u1ec1 quan t\u00e2m.<\/p>\n<table style=\"border-collapse: collapse; width: 100%;\">\n<tbody>\n<tr>\n<td style=\"width: 100%;\"><img loading=\"lazy\" decoding=\"async\" class=\"alignleft wp-image-27469 size-full\" src=\"https:\/\/drivervn.com\/wp-content\/uploads\/2021\/06\/Comp.png\" alt=\"C\u00e1ch c\u00e0i \u0111\u1eb7t tr\u00ecnh \u0111i\u1ec1u khi\u1ec3n\" width=\"80\" height=\"65\" \/><a href=\"https:\/\/drivervn.com\/?p=27462\">C\u00e1ch c\u00e0i \u0111\u1eb7t tr\u00ecnh \u0111i\u1ec1u khi\u1ec3n n\u1ebfu kh\u00f4ng c\u00f3 t\u1ec7p setup.exe<\/a>. G\u00f3i tr\u00ecnh \u0111i\u1ec1u khi\u1ec3n b\u1ea1n \u0111\u00e3 t\u1ea3i xu\u1ed1ng kh\u00f4ng bao g\u1ed3m \u1ee9ng d\u1ee5ng tr\u00ecnh c\u00e0i \u0111\u1eb7t (nh\u01b0 setup.exe ho\u1eb7c install.msi). Trong nh\u1eefng tr\u01b0\u1eddng h\u1ee3p n\u00e0y, b\u1ea1n c\u00f3 th\u1ec3 s\u1eed d\u1ee5ng t\u1ec7p Th\u00f4ng tin thi\u1ebft l\u1eadp (. INF) \u0111\u1ec3 c\u00e0i \u0111\u1eb7t tr\u00ecnh \u0111i\u1ec1u khi\u1ec3n theo c\u00e1ch th\u1ee7 c\u00f4ng.<\/td>\n<\/tr>\n<tr>\n<td style=\"width: 100%;\"><img loading=\"lazy\" decoding=\"async\" class=\"size-full wp-image-57729 alignleft\" src=\"https:\/\/drivervn.com\/wp-content\/uploads\/2023\/09\/defective-pixels.jpg\" alt=\"defective pixels\" width=\"80\" height=\"65\" \/><a href=\"https:\/\/drivervn.com\/?p=56888\">C\u00e1ch ki\u1ec3m tra xem c\u00f3 \u0111i\u1ec3m \u1ea3nh ch\u1ebft tr\u00ean m\u00e0n h\u00ecnh TV ho\u1eb7c m\u00e0n h\u00ecnh m\u00e1y t\u00ednh kh\u00f4ng.<\/a> \u0110\u1ec3 x\u00e1c minh, b\u1ea1n s\u1ebd c\u1ea7n \u1ea3nh c\u00f3 m\u00e0u \u0111\u1ecf, xanh l\u00e1 c\u00e2y v\u00e0 xanh d\u01b0\u01a1ng v\u00ec pixel ch\u1ec9 c\u00f3 ba m\u00e0u n\u00e0y. B\u1ea1n c\u0169ng s\u1ebd c\u1ea7n nh\u1eefng b\u1ee9c \u1ea3nh c\u00f3 m\u00e0u tr\u1eafng v\u00e0 \u0111en, tr\u00ean \u0111\u00f3 c\u00f3 th\u1ec3 nh\u00ecn th\u1ea5y r\u00f5 c\u00e1c pixel b\u1ecb h\u1ecfng v\u00e0 c\u00e1c khuy\u1ebft \u0111i\u1ec3m kh\u00e1c.<\/td>\n<\/tr>\n<tr>\n<td style=\"width: 100%;\"><img loading=\"lazy\" decoding=\"async\" class=\"alignleft wp-image-26748 size-full\" src=\"https:\/\/drivervn.com\/wp-content\/uploads\/2020\/07\/software.png\" alt=\"Ph\u1ea7n m\u1ec1m c\u1ea7n thi\u1ebft cho m\u1ecdi m\u00e1y t\u00ednh\" width=\"80\" height=\"65\" \/><a href=\"https:\/\/drivervn.com\/?p=26732\">Ph\u1ea7n m\u1ec1m c\u1ea7n thi\u1ebft nh\u1ea5t cho m\u1ecdi m\u00e1y t\u00ednh<\/a> &#8211; N\u1ebfu b\u1ea1n \u0111\u00e3 mua m\u1ed9t m\u00e1y t\u00ednh m\u1edbi ho\u1eb7c c\u00e0i \u0111\u1eb7t l\u1ea1i h\u1ec7 \u0111i\u1ec1u h\u00e0nh, th\u00ec tr\u00ean trang n\u00e0y c\u1ee7a trang web, b\u1ea1n s\u1ebd t\u00ecm th\u1ea5y t\u1ea5t c\u1ea3 c\u00e1c ph\u1ea7n m\u1ec1m c\u1ea7n thi\u1ebft v\u00e0 h\u01b0\u1edbng d\u1eabn c\u00e0i \u0111\u1eb7t n\u00f3.<\/td>\n<\/tr>\n<tr>\n<td style=\"width: 100%;\"><img loading=\"lazy\" decoding=\"async\" class=\"alignleft wp-image-26747 size-full\" src=\"https:\/\/drivervn.com\/wp-content\/uploads\/2020\/07\/Driver.png\" alt=\"Tr\u00ecnh \u0111i\u1ec1u khi\u1ec3n thi\u1ebft b\u1ecb\" width=\"80\" height=\"65\" \/><a href=\"https:\/\/drivervn.com\/?p=39339\">Kh\u00f4ng th\u1ec3 t\u00ecm th\u1ea5y ph\u1ea7n m\u1ec1m v\u00e0 kh\u00f4ng bi\u1ebft c\u00e1ch s\u1eed d\u1ee5ng m\u00e1y qu\u00e9t \u0111\u1ec3 qu\u00e9t t\u00e0i li\u1ec7u v\u00e0 \u1ea3nh<\/a>. S\u1ef1 c\u1ed1 n\u00e0y x\u1ea3y ra do m\u1ed9t s\u1ed1 m\u00e1y in, m\u00e1y qu\u00e9t v\u00e0 t\u1ea5t c\u1ea3 trong m\u1ed9t ch\u1ec9 c\u00f3 tr\u00ecnh \u0111i\u1ec1u khi\u1ec3n nh\u01b0ng kh\u00f4ng c\u00f3 ph\u1ea7n m\u1ec1m c\u1ee5 th\u1ec3 \u0111\u1ec3 qu\u1ea3n l\u00fd m\u00e1y qu\u00e9t.<\/td>\n<\/tr>\n<\/tbody>\n<\/table>\n<p>Chuy\u00ean m\u1ee5c c\u1ee7a website: <a href=\"https:\/\/drivervn.com\/?cat=55\">H\u1ecfi v\u00e0 \u0111\u00e1p<\/a> \/ <a href=\"https:\/\/drivervn.com\/?cat=12\">Ph\u1ea7n m\u1ec1m \u2013 Software<\/a> \/ <a href=\"https:\/\/drivervn.com\/?cat=31\">Ph\u1ea7n m\u1ec1m Driver A4Tech<\/a> \/ <a href=\"https:\/\/drivervn.com\/?cat=41\">Ph\u1ea7n m\u1ec1m Driver AOC<\/a> \/ <a href=\"https:\/\/drivervn.com\/?cat=34\">Ph\u1ea7n m\u1ec1m Driver Cougar<\/a> \/ <a href=\"https:\/\/drivervn.com\/?cat=59\">Ph\u1ea7n m\u1ec1m Driver FebSmart<\/a> \/ <a href=\"https:\/\/drivervn.com\/?cat=10\">Ph\u1ea7n m\u1ec1m Driver Fujitsu<\/a> \/ <a href=\"https:\/\/drivervn.com\/?cat=62\">Ph\u1ea7n m\u1ec1m Driver GAOMON<\/a> \/ <a href=\"https:\/\/drivervn.com\/?cat=26\">Ph\u1ea7n m\u1ec1m Driver Genius<\/a> \/ <a href=\"https:\/\/drivervn.com\/?cat=39\">Ph\u1ea7n m\u1ec1m Driver HAVIT<\/a> \/ <a href=\"https:\/\/drivervn.com\/?cat=54\">Ph\u1ea7n m\u1ec1m Driver HyperX<\/a> \/ <a href=\"https:\/\/drivervn.com\/?cat=66\">Ph\u1ea7n m\u1ec1m Driver iiyama<\/a> \/ <a href=\"https:\/\/drivervn.com\/?cat=22\">Ph\u1ea7n m\u1ec1m Driver Logitech<\/a> \/ <a href=\"https:\/\/drivervn.com\/?cat=21\">Ph\u1ea7n m\u1ec1m Driver m\u00e0n h\u00ecnh BenQ<\/a> \/ <a href=\"https:\/\/drivervn.com\/?cat=46\">Ph\u1ea7n m\u1ec1m Driver m\u00e1y in Brother<\/a> \/ <a href=\"https:\/\/drivervn.com\/?cat=24\">Ph\u1ea7n m\u1ec1m Driver m\u00e1y in Canon<\/a> \/ <a href=\"https:\/\/drivervn.com\/?cat=33\">Ph\u1ea7n m\u1ec1m Driver m\u00e1y in DNP<\/a> \/ <a href=\"https:\/\/drivervn.com\/?cat=6\">Ph\u1ea7n m\u1ec1m Driver m\u00e1y in Epson<\/a> \/ <a href=\"https:\/\/drivervn.com\/?cat=4\">Ph\u1ea7n m\u1ec1m Driver m\u00e1y in HP<\/a> \/ <a href=\"https:\/\/drivervn.com\/?cat=20\">Ph\u1ea7n m\u1ec1m Driver m\u00e1y in Kyocera<\/a> \/ <a href=\"https:\/\/drivervn.com\/?cat=8\">Ph\u1ea7n m\u1ec1m Driver m\u00e1y in Lexmark<\/a> \/ <a href=\"https:\/\/drivervn.com\/?cat=29\">Ph\u1ea7n m\u1ec1m Driver m\u00e1y in OKI<\/a> \/ <a href=\"https:\/\/drivervn.com\/?cat=16\">Ph\u1ea7n m\u1ec1m Driver m\u00e1y in Pantum<\/a> \/ <a href=\"https:\/\/drivervn.com\/?cat=30\">Ph\u1ea7n m\u1ec1m Driver m\u00e1y in Ricoh<\/a> \/ <a href=\"https:\/\/drivervn.com\/?cat=13\">Ph\u1ea7n m\u1ec1m Driver m\u00e1y in Samsung<\/a> \/ <a href=\"https:\/\/drivervn.com\/?cat=48\">Ph\u1ea7n m\u1ec1m Driver m\u00e1y in SATO<\/a> \/ <a href=\"https:\/\/drivervn.com\/?cat=9\">Ph\u1ea7n m\u1ec1m Driver m\u00e1y in Xerox<\/a> \/ <a href=\"https:\/\/drivervn.com\/?cat=47\">Ph\u1ea7n m\u1ec1m Driver m\u00e1y scan Epson<\/a> \/ <a href=\"https:\/\/drivervn.com\/?cat=32\">Ph\u1ea7n m\u1ec1m Driver m\u00e1y scan Mustek<\/a> \/ <a href=\"https:\/\/drivervn.com\/?cat=14\">Ph\u1ea7n m\u1ec1m Driver m\u00e1y t\u00ednh x\u00e1ch tay Acer<\/a> \/ <a href=\"https:\/\/drivervn.com\/?cat=45\">Ph\u1ea7n m\u1ec1m Driver m\u00e1y t\u00ednh x\u00e1ch tay ASUS<\/a> \/ <a href=\"https:\/\/drivervn.com\/?cat=23\">Ph\u1ea7n m\u1ec1m Driver m\u00e1y t\u00ednh x\u00e1ch tay Lenovo<\/a> \/ <a href=\"https:\/\/drivervn.com\/?cat=44\">Ph\u1ea7n m\u1ec1m Driver m\u00e1y t\u00ednh x\u00e1ch tay MEDION<\/a> \/ <a href=\"https:\/\/drivervn.com\/?cat=40\">Ph\u1ea7n m\u1ec1m Driver Mionix<\/a> \/ <a href=\"https:\/\/drivervn.com\/?cat=42\">Ph\u1ea7n m\u1ec1m Driver Mitsubishi<\/a> \/ <a href=\"https:\/\/drivervn.com\/?cat=64\">Ph\u1ea7n m\u1ec1m Driver NexiGo<\/a> \/ <a href=\"https:\/\/drivervn.com\/?cat=17\">Ph\u1ea7n m\u1ec1m Driver NVIDIA GeForce<\/a> \/ <a href=\"https:\/\/drivervn.com\/?cat=18\">Ph\u1ea7n m\u1ec1m Driver NVIDIA Quadro<\/a> \/ <a href=\"https:\/\/drivervn.com\/?cat=57\">Ph\u1ea7n m\u1ec1m Driver ORICO<\/a> \/ <a href=\"https:\/\/drivervn.com\/?cat=25\">Ph\u1ea7n m\u1ec1m Driver Panasonic<\/a> \/ <a href=\"https:\/\/drivervn.com\/?cat=27\">Ph\u1ea7n m\u1ec1m Driver Razer<\/a> \/ <a href=\"https:\/\/drivervn.com\/?cat=61\">Ph\u1ea7n m\u1ec1m Driver Redragon<\/a> \/ <a href=\"https:\/\/drivervn.com\/?cat=58\">Ph\u1ea7n m\u1ec1m Driver Sabrent<\/a> \/ <a href=\"https:\/\/drivervn.com\/?cat=35\">Ph\u1ea7n m\u1ec1m Driver ThunderX3<\/a> \/ <a href=\"https:\/\/drivervn.com\/?cat=7\">Ph\u1ea7n m\u1ec1m Driver TOSHIBA<\/a> \/ <a href=\"https:\/\/drivervn.com\/?cat=60\">Ph\u1ea7n m\u1ec1m Driver UGREEN<\/a> \/ <a href=\"https:\/\/drivervn.com\/?cat=65\">Ph\u1ea7n m\u1ec1m Driver UHURU<\/a> \/ <a href=\"https:\/\/drivervn.com\/?cat=19\">Ph\u1ea7n m\u1ec1m Driver VIA<\/a> \/ <a href=\"https:\/\/drivervn.com\/?cat=36\">Ph\u1ea7n m\u1ec1m Driver Wacom<\/a> \/ <a href=\"https:\/\/drivervn.com\/?cat=63\">Ph\u1ea7n m\u1ec1m Driver X-MEDIA<\/a> \/ <a href=\"https:\/\/drivervn.com\/?cat=38\">Ph\u1ea7n m\u1ec1m Driver XP-Pen<\/a> \/ <a href=\"https:\/\/drivervn.com\/?cat=5\">Universal Driver<\/a> \/ <a href=\"https:\/\/drivervn.com\/wp-content\/uploads\/2020\/02\/Tr\u00ecnh-\u0111i\u1ec1u-khi\u1ec3n-thi\u1ebft-b\u1ecb.pdf\" target=\"_blank\" rel=\"noopener noreferrer\">tr\u00ecnh \u0111i\u1ec1u khi\u1ec3n thi\u1ebft b\u1ecb<\/a> \/ <a href=\"https:\/\/drivervn.com\/wp-content\/uploads\/2020\/03\/Computer-hardware.zip\">ph\u1ea7n c\u1ee9ng<\/a> \/ <a href=\"https:\/\/drivervn.com\/wp-content\/uploads\/2020\/03\/Driver.zip\">Tr\u00ecnh \u0111i\u1ec1u khi\u1ec3n<\/a> \/<\/p>\n<div class=\"social-share-buttons\"><a href=\"https:\/\/www.facebook.com\/sharer\/sharer.php?u=https:\/\/drivervn.com\/\" target=\"_blank\" rel=\"noopener\">Facebook<\/a><a href=\"https:\/\/twitter.com\/intent\/tweet?url=https:\/\/drivervn.com\/&text=T%E1%BA%A3i+xu%E1%BB%91ng+v%C3%A0+c%C3%A0i+%C4%91%E1%BA%B7t+ph%E1%BA%A7n+m%E1%BB%81m\" target=\"_blank\" rel=\"noopener\">Twitter<\/a><a href=\"https:\/\/www.linkedin.com\/shareArticle?url=https:\/\/drivervn.com\/&title=T%E1%BA%A3i+xu%E1%BB%91ng+v%C3%A0+c%C3%A0i+%C4%91%E1%BA%B7t+ph%E1%BA%A7n+m%E1%BB%81m\" target=\"_blank\" rel=\"noopener\">LinkedIn<\/a><a href=\"https:\/\/pinterest.com\/pin\/create\/button\/?url=https:\/\/drivervn.com\/&description=T%E1%BA%A3i+xu%E1%BB%91ng+v%C3%A0+c%C3%A0i+%C4%91%E1%BA%B7t+ph%E1%BA%A7n+m%E1%BB%81m\" target=\"_blank\" rel=\"noopener\">Pinterest<\/a><\/div>","protected":false},"excerpt":{"rendered":"<p>Trang web cung c\u1ea5p th\u00f4ng tin v\u1ec1 vi\u1ec7c s\u1eed d\u1ee5ng m\u00e1y t\u00ednh v\u00e0 ph\u1ea7n m\u1ec1m. Th\u00f4ng tin n\u00e0y n\u1eb1m trong ph\u1ea7n chuy\u00ean \u0111\u1ec1. Ngo\u00e0i ra, tr\u00ean trang web, b\u1ea1n c\u00f3 th\u1ec3 t\u00ecm th\u1ea5y c\u00e2u tr\u1ea3 l\u1eddi cho c\u00e1c c\u00e2u h\u1ecfi&hellip;<\/p>\n<p class=\"more-link-p\"><a class=\"more-link\" href=\"https:\/\/drivervn.com\/\">Read more &rarr;<\/a><\/p>\n","protected":false},"author":1,"featured_media":0,"parent":0,"menu_order":0,"comment_status":"closed","ping_status":"closed","template":"","meta":{"footnotes":""},"class_list":["post-21256","page","type-page","status-publish","hentry"],"_links":{"self":[{"href":"https:\/\/drivervn.com\/index.php?rest_route=\/wp\/v2\/pages\/21256","targetHints":{"allow":["GET"]}}],"collection":[{"href":"https:\/\/drivervn.com\/index.php?rest_route=\/wp\/v2\/pages"}],"about":[{"href":"https:\/\/drivervn.com\/index.php?rest_route=\/wp\/v2\/types\/page"}],"author":[{"embeddable":true,"href":"https:\/\/drivervn.com\/index.php?rest_route=\/wp\/v2\/users\/1"}],"replies":[{"embeddable":true,"href":"https:\/\/drivervn.com\/index.php?rest_route=%2Fwp%2Fv2%2Fcomments&post=21256"}],"version-history":[{"count":0,"href":"https:\/\/drivervn.com\/index.php?rest_route=\/wp\/v2\/pages\/21256\/revisions"}],"wp:attachment":[{"href":"https:\/\/drivervn.com\/index.php?rest_route=%2Fwp%2Fv2%2Fmedia&parent=21256"}],"curies":[{"name":"wp","href":"https:\/\/api.w.org\/{rel}","templated":true}]}}